{"id":87,"date":"2021-05-29T17:34:23","date_gmt":"2021-05-29T17:34:23","guid":{"rendered":"http:\/\/s872751649.mialojamiento.es\/?page_id=87"},"modified":"2023-03-20T20:03:25","modified_gmt":"2023-03-20T20:03:25","slug":"trajectoria-profesional","status":"publish","type":"page","link":"https:\/\/enginyeriablanes.com\/es\/trajectoria-profesional\/","title":{"rendered":"Proyectos realizados"},"content":{"rendered":"<div id=\"dslc-theme-content\"><div id=\"dslc-theme-content-inner\">\n<ul class=\"wp-block-list\"><li>Adequaci\u00f3 ambiental i d'incendis de diversos hotels a Blanes i Lloret segons normativa vigent.<\/li><\/ul>\n\n\n\n<ul class=\"wp-block-list\"><li>Proyectos de sala de calderas y climatizaci\u00f3n de diversas escuelas, hoteles y edificios institucionales.<\/li><\/ul>\n\n\n\n<ul class=\"wp-block-list\"><li>Projectes d'instal\u00b7lacions el\u00e8ctriques de noves ind\u00fastries i ampliacions de les existents.<\/li><\/ul>\n\n\n\n<ul class=\"wp-block-list\"><li>Proyectos de gas natural para hoteles, restaurantes, colegios y edificios institucionales.<\/li><\/ul>\n\n\n\n<ul class=\"wp-block-list\"><li>Projectes d'enllumenat p\u00fablic de passeigs, urbanitzacions, vials i pistes esportives.<\/li><\/ul>\n\n\n\n<ul class=\"wp-block-list\"><li>Projectes de fred industrial per a cambres frigor\u00edfiques, conservaci\u00f3 d'aliments i per a processos industrials.<\/li><\/ul>\n\n\n\n<ul class=\"wp-block-list\"><li>Amplia experiencia en proyectos de bares y restaurantes y legalizaci\u00f3n de terrazas.<\/li><\/ul>\n\n\n\n<ul class=\"wp-block-list\"><li>Proyectos de pabellones deportivos, pistas y gimnasios.<\/li><\/ul>\n\n\n\n<ul class=\"wp-block-list\"><li>Legalitzaci\u00f3 i adequaci\u00f3 d'aparcaments comunitaris que no disposen de llic\u00e8ncia ni placa de gual. <\/li><\/ul>\n\n\n\n<figure class=\"wp-block-image size-large\"><img loading=\"lazy\" decoding=\"async\" width=\"1024\" height=\"473\" src=\"https:\/\/enginyeriablanes.com\/wp-content\/uploads\/2021\/06\/FOTO-CALLE-4-1024x473.jpg\" alt=\"\" class=\"wp-image-198\" srcset=\"https:\/\/enginyeriablanes.com\/wp-content\/uploads\/2021\/06\/FOTO-CALLE-4-1024x473.jpg 1024w, https:\/\/enginyeriablanes.com\/wp-content\/uploads\/2021\/06\/FOTO-CALLE-4-300x138.jpg 300w, https:\/\/enginyeriablanes.com\/wp-content\/uploads\/2021\/06\/FOTO-CALLE-4-768x354.jpg 768w, https:\/\/enginyeriablanes.com\/wp-content\/uploads\/2021\/06\/FOTO-CALLE-4-1536x709.jpg 1536w, https:\/\/enginyeriablanes.com\/wp-content\/uploads\/2021\/06\/FOTO-CALLE-4-660x305.jpg 660w, https:\/\/enginyeriablanes.com\/wp-content\/uploads\/2021\/06\/FOTO-CALLE-4-450x208.jpg 450w, https:\/\/enginyeriablanes.com\/wp-content\/uploads\/2021\/06\/FOTO-CALLE-4.jpg 1859w\" sizes=\"auto, (max-width: 1024px) 100vw, 1024px\" \/><\/figure>\n<\/div><\/div>","protected":false},"excerpt":{"rendered":"<p>Adequaci\u00f3 ambiental i d'incendis de diversos hotels a Blanes i Lloret segons normativa vigent. Projectes de sala de calderes i [&hellip;]<\/p>\n","protected":false},"author":1,"featured_media":0,"parent":0,"menu_order":4,"comment_status":"closed","ping_status":"closed","template":"","meta":{"footnotes":""},"class_list":["post-87","page","type-page","status-publish","hentry","clearfix"],"_links":{"self":[{"href":"https:\/\/enginyeriablanes.com\/es\/wp-json\/wp\/v2\/pages\/87","targetHints":{"allow":["GET"]}}],"collection":[{"href":"https:\/\/enginyeriablanes.com\/es\/wp-json\/wp\/v2\/pages"}],"about":[{"href":"https:\/\/enginyeriablanes.com\/es\/wp-json\/wp\/v2\/types\/page"}],"author":[{"embeddable":true,"href":"https:\/\/enginyeriablanes.com\/es\/wp-json\/wp\/v2\/users\/1"}],"replies":[{"embeddable":true,"href":"https:\/\/enginyeriablanes.com\/es\/wp-json\/wp\/v2\/comments?post=87"}],"version-history":[{"count":11,"href":"https:\/\/enginyeriablanes.com\/es\/wp-json\/wp\/v2\/pages\/87\/revisions"}],"predecessor-version":[{"id":199,"href":"https:\/\/enginyeriablanes.com\/es\/wp-json\/wp\/v2\/pages\/87\/revisions\/199"}],"wp:attachment":[{"href":"https:\/\/enginyeriablanes.com\/es\/wp-json\/wp\/v2\/media?parent=87"}],"curies":[{"name":"wp","href":"https:\/\/api.w.org\/{rel}","templated":true}]}}