{"id":143,"date":"2021-06-01T07:59:31","date_gmt":"2021-06-01T07:59:31","guid":{"rendered":"https:\/\/enginyeriablanes.com\/?page_id=143"},"modified":"2023-01-21T18:01:56","modified_gmt":"2023-01-21T18:01:56","slug":"els-nostres-clients","status":"publish","type":"page","link":"https:\/\/enginyeriablanes.com\/es\/els-nostres-clients\/","title":{"rendered":"A qui\u00e9n nos dirigimos"},"content":{"rendered":"<div id=\"dslc-theme-content\"><div id=\"dslc-theme-content-inner\">\n<p>Els nostres clients s\u00f3n m\u00faltiples i variats. Tenim de clients, des de l'aut\u00f2nom que vol obrir un petit negoci (botiga, pastisseria, bar...) fins a empreses, ind\u00fastries, cooperatives i administracions p\u00fabliques. <\/p>\n\n\n\n<p>Disposem de professionals col\u00b7laboradors (arquitectes, aparelladors, enginyers ambientals, enginyers de camins, enginyers agr\u00f2noms, veterinaris...) de forma que podem portar a terme qualsevol projecte independentment del seu grau de complexitat. <\/p>\n<\/div><\/div>","protected":false},"excerpt":{"rendered":"<p>Els nostres clients s\u00f3n m\u00faltiples i variats. Tenim de clients, des de l'aut\u00f2nom que vol obrir un petit negoci (botiga, [&hellip;]<\/p>\n","protected":false},"author":1,"featured_media":0,"parent":0,"menu_order":4,"comment_status":"closed","ping_status":"closed","template":"","meta":{"footnotes":""},"class_list":["post-143","page","type-page","status-publish","hentry","clearfix"],"_links":{"self":[{"href":"https:\/\/enginyeriablanes.com\/es\/wp-json\/wp\/v2\/pages\/143","targetHints":{"allow":["GET"]}}],"collection":[{"href":"https:\/\/enginyeriablanes.com\/es\/wp-json\/wp\/v2\/pages"}],"about":[{"href":"https:\/\/enginyeriablanes.com\/es\/wp-json\/wp\/v2\/types\/page"}],"author":[{"embeddable":true,"href":"https:\/\/enginyeriablanes.com\/es\/wp-json\/wp\/v2\/users\/1"}],"replies":[{"embeddable":true,"href":"https:\/\/enginyeriablanes.com\/es\/wp-json\/wp\/v2\/comments?post=143"}],"version-history":[{"count":8,"href":"https:\/\/enginyeriablanes.com\/es\/wp-json\/wp\/v2\/pages\/143\/revisions"}],"predecessor-version":[{"id":258,"href":"https:\/\/enginyeriablanes.com\/es\/wp-json\/wp\/v2\/pages\/143\/revisions\/258"}],"wp:attachment":[{"href":"https:\/\/enginyeriablanes.com\/es\/wp-json\/wp\/v2\/media?parent=143"}],"curies":[{"name":"wp","href":"https:\/\/api.w.org\/{rel}","templated":true}]}}